{"id":589,"date":"2020-01-28T17:42:05","date_gmt":"2020-01-28T16:42:05","guid":{"rendered":"https:\/\/salons.weyou-cms.com\/itsm\/practical-information"},"modified":"2025-11-24T15:26:19","modified_gmt":"2025-11-24T14:26:19","slug":"practical-information","status":"publish","type":"page","link":"https:\/\/www.it-and-cybersecurity-one-to-one-meetings.es\/en\/practical-information\/","title":{"rendered":"Practical information"},"content":{"rendered":"<div class=\"wpb-content-wrapper\"><p>[vc_row][vc_column]\n\t\t\t<!-- START Banni\u00e8re pages REVOLUTION SLIDER 6.6.7 --><p class=\"rs-p-wp-fix\"><\/p>\n\t\t\t<rs-module-wrap id=\"rev_slider_40_1_wrapper\" data-source=\"post\" style=\"visibility:hidden;background:#acacac;padding:0;margin:0px auto;margin-top:0;margin-bottom:0;\">\n\t\t\t\t<rs-module id=\"rev_slider_40_1\" style=\"\" data-version=\"6.6.7\">\n\t\t\t\t\t<rs-slides style=\"overflow: hidden; position: absolute;\">\n\t\t\t\t\t\t<rs-slide style=\"position: absolute;\" data-key=\"rs-589\" data-title=\"Practical information\" data-in=\"o:0;\" data-out=\"a:false;\">\n\t\t\t\t\t\t\t<img decoding=\"async\" src=\"\/\/www.it-and-cybersecurity-one-to-one-meetings.es\/wp-content\/plugins\/revslider\/public\/assets\/assets\/dummy.png\" alt=\"\" title=\"ITCM_bandeau-rubriques-1920&#215;300-2022\" width=\"1920\" height=\"300\" class=\"rev-slidebg tp-rs-img rs-lazyload\" data-lazyload=\"\/\/weyoumediastaging.blob.core.windows.net\/itcm-es\/sites\/5\/2024\/07\/ITCM_bandeau-rubriques-1920x300-2022.jpg\" data-bg=\"p:40% 50%;\" data-no-retina>\n<!--\n\t\t\t\t\t\t\t--><rs-layer\n\t\t\t\t\t\t\t\tid=\"slider-40-slide-589-layer-1\" \n\t\t\t\t\t\t\t\tdata-type=\"text\"\n\t\t\t\t\t\t\t\tdata-xy=\"x:r,r,r,l;xo:974px,520px,370px,17px;y:m;yo:-2px,0,0,0;\"\n\t\t\t\t\t\t\t\tdata-text=\"w:normal;s:60,50,50,50;l:60,53,53,53;fw:500;a:center,center,center,left;\"\n\t\t\t\t\t\t\t\tdata-dim=\"w:45%,45%,50%,90%;h:auto,auto,auto,47px;\"\n\t\t\t\t\t\t\t\tdata-frame_999=\"o:0;st:w;\"\n\t\t\t\t\t\t\t\tstyle=\"z-index:8;font-family:'Roboto';text-transform:uppercase;\"\n\t\t\t\t\t\t\t><H1>Practical information<\/h1> \n\t\t\t\t\t\t\t<\/rs-layer><!--\n\n\t\t\t\t\t\t\t--><rs-layer\n\t\t\t\t\t\t\t\tid=\"slider-40-slide-589-layer-3\" \n\t\t\t\t\t\t\t\tdata-type=\"text\"\n\t\t\t\t\t\t\t\tdata-xy=\"x:r,r,r,l;xo:1117px,520px,370px,17px;y:m;yo:48px,43px,50px,50px;\"\n\t\t\t\t\t\t\t\tdata-text=\"w:normal;s:19,20,15,20;l:30,30,30,36;a:center,center,center,left;\"\n\t\t\t\t\t\t\t\tdata-dim=\"w:45%,45%,50%,90%;h:auto,auto,auto,39px;\"\n\t\t\t\t\t\t\t\tdata-frame_999=\"o:0;st:w;\"\n\t\t\t\t\t\t\t\tstyle=\"z-index:8;font-family:'Roboto';\"\n\t\t\t\t\t\t\t> \n\t\t\t\t\t\t\t<\/rs-layer><!--\n-->\t\t\t\t\t\t<\/rs-slide>\n\t\t\t\t\t<\/rs-slides>\n\t\t\t\t\t<rs-static-layers><!--\n\t\t\t\t\t--><\/rs-static-layers>\n\t\t\t\t<\/rs-module>\n\t\t\t\t<script>\n\t\t\t\t\tsetREVStartSize({c: 'rev_slider_40_1',rl:[1240,1024,778,480],el:[300,200,200,280],gw:[1650,1024,778,480],gh:[300,200,200,280],type:'hero',justify:'',layout:'fullwidth',mh:\"450\"});if (window.RS_MODULES!==undefined && window.RS_MODULES.modules!==undefined && window.RS_MODULES.modules[\"revslider401\"]!==undefined) {window.RS_MODULES.modules[\"revslider401\"].once = false;window.revapi40 = undefined;if (window.RS_MODULES.checkMinimal!==undefined) window.RS_MODULES.checkMinimal()}\n\t\t\t\t<\/script>\n\t\t\t<\/rs-module-wrap>\n\t\t\t<!-- END REVOLUTION SLIDER -->\n[\/vc_column][\/vc_row][vc_section][vc_row content_placement=&#8221;middle&#8221;][vc_column width=&#8221;5\/12&#8243;][vc_column_text css=&#8221;&#8221;]<\/p>\n<p style=\"text-align: center\"><strong>DATES<\/strong><\/p>\n<p style=\"text-align: center\"><strong>Wednesday 18th of November 2026 <\/strong>from 08:45am to 06:45pm<br \/>\n<strong>Thursday 19th of November 2026 <\/strong>from 08:45am to 06:45pm<\/p>\n<p>[\/vc_column_text][vc_column_text]<\/p>\n<p style=\"text-align: center\"><strong>PLACE<\/strong><\/p>\n<p style=\"text-align: center\"><strong>Marbella Congress, Trade Fairs and Exhibition Centre<\/strong><\/p>\n<p style=\"text-align: center\">C. Jos\u00e9 Meli\u00e1, 2, 29602 Marbella, M\u00e1laga, Espagne<\/p>\n<p>[\/vc_column_text][\/vc_column][vc_column width=&#8221;7\/12&#8243;][vc_single_image image=&#8221;6833&#8243; alignment=&#8221;center&#8221; css=&#8221;.vc_custom_1759485224153{padding-right: 0px !important;padding-left: 0px !important;}&#8221;][\/vc_column][\/vc_row][\/vc_section][vc_section el_id=&#8221;demande-informations&#8221;][vc_row][vc_column]<div id=\"wyvc-section-title-8683\" class=\"wyvc-section-title wyvc-shortcode wyvc-section-title-1 fadeInLeft\">\r\n\t<div class=\"wyvc-st-inner\">\r\n\t\t\t\t\t<div class=\"wyvc-st-title\">\r\n\t\t\t\t<p>Information request<\/p>\n\t\t\t<\/div>\r\n\t\t\t\t\t<\/div>\r\n<\/div>\r\n<style type=\"text\/css\">#wyvc-section-title-8683.wyvc-section-title-1 .wyvc-st-title::before{content:'IT & CYBERSECURITY'}<\/style>\r\n[\/vc_column][\/vc_row][vc_row][vc_column width=&#8221;1\/3&#8243;]<div class=\"wyvc-call-to-action wyvc-shortcode  wpb_animate_when_almost_visible wpb_bounceIn bounceIn\">\r\n\t<div class=\"wyvc-call-to-action-inner\">\r\n\t\t<a href=\"https:\/\/exhibitor.weyou-group.com\/it-and-cybersecurity-meetings-es\/demande-information\/si\" target=\"_blank\" rel=\"nofollow\">\r\n\t\t\t<div class=\"wyvc-text\"><p>Become<br \/>\nexhibitor<\/p>\n<\/div> \r\n\t\t<\/a>\r\n\t<\/div>\r\n<\/div>\r\n[\/vc_column][vc_column width=&#8221;1\/3&#8243;]<div class=\"wyvc-call-to-action wyvc-shortcode  wpb_animate_when_almost_visible wpb_bounceIn bounceIn\">\r\n\t<div class=\"wyvc-call-to-action-inner\">\r\n\t\t<a href=\"https:\/\/visitor.weyou-group.com\/it-and-cybersecurity-meetings-es\/2025\/inscription\/si\" target=\"_blank\">\r\n\t\t\t<div class=\"wyvc-text\"><p>Ask for<br \/>\nyour accreditation<\/p>\n<\/div> \r\n\t\t<\/a>\r\n\t<\/div>\r\n<\/div>\r\n[\/vc_column][vc_column width=&#8221;1\/3&#8243;]<div class=\"wyvc-call-to-action wyvc-shortcode  wpb_animate_when_almost_visible wpb_bounceIn bounceIn\">\r\n\t<div class=\"wyvc-call-to-action-inner\">\r\n\t\t<a href=\"https:\/\/exhibitor.weyou-group.com\/it-and-cybersecurity-meetings-es\/demande-information\/si\" target=\"_blank\" rel=\"nofollow\">\r\n\t\t\t<div class=\"wyvc-text\"><p>Become<br \/>\npartner<\/p>\n<\/div> \r\n\t\t<\/a>\r\n\t<\/div>\r\n<\/div>\r\n[\/vc_column][\/vc_row][\/vc_section][vc_section disable_element=&#8221;yes&#8221; el_id=&#8221;contacts-salon&#8221;][vc_row][vc_column]<div id=\"wyvc-section-title-1697\" class=\"wyvc-section-title wyvc-shortcode wyvc-section-title-1 fadeInLeft\">\r\n\t<div class=\"wyvc-st-inner\">\r\n\t\t\t\t\t<div class=\"wyvc-st-title\">\r\n\t\t\t\t<p>CONTACTS<\/p>\n\t\t\t<\/div>\r\n\t\t\t\t\t<\/div>\r\n<\/div>\r\n<style type=\"text\/css\">#wyvc-section-title-1697.wyvc-section-title-1 .wyvc-st-title::before{content:'IT & CYBERSECURITY'}<\/style>\r\n[\/vc_column][\/vc_row][vc_row equal_height=&#8221;yes&#8221;][vc_column width=&#8221;1\/5&#8243;][vc_text_separator title=&#8221;Weyou Group Direction&#8221; title_align=&#8221;separator_align_left&#8221;][vc_column_text]<strong>Romuald Gadrat<\/strong><br \/>\nChairman of Weyou Group<\/p>\n<p><strong>Thierry Duhamel<\/strong><br \/>\nFinancial Director<\/p>\n<p><strong>Fatima Baroun<\/strong><br \/>\nExecutive Assistant[\/vc_column_text][\/vc_column][vc_column width=&#8221;1\/5&#8243;][vc_text_separator title=&#8221;Sales Team&#8221; title_align=&#8221;separator_align_left&#8221;][vc_column_text]<\/p>\n<p style=\"text-align: left\"><strong>Nicolas Jayat<\/strong><br \/>\nDivision Director<\/p>\n<p style=\"text-align: left\"><strong>Carole Jardon<\/strong><br \/>\nDirector<\/p>\n<p style=\"text-align: left\"><strong>Xavier Defacque<\/strong><br \/>\nSales Manager<\/p>\n<p style=\"text-align: left\"><strong>Jessica Del&#8217;Hommeau<\/strong><br \/>\nSales Assistant<\/p>\n<p>[\/vc_column_text][\/vc_column][vc_column width=&#8221;1\/5&#8243;][vc_text_separator title=&#8221;Top Decision Makers Team&#8221; title_align=&#8221;separator_align_left&#8221;][vc_column_text]<\/p>\n<p style=\"text-align: left\"><strong>Am\u00e9lie Felisberto<\/strong><br \/>\nDirector of Events Meetings<\/p>\n<p style=\"text-align: left\"><strong>Karo-Lyne Leclere<\/strong><br \/>\nHead of the Top Decision-makers program<\/p>\n<p style=\"text-align: left\"><strong>Margot Manca<\/strong><br \/>\nIn charge of the Top Decision-makers program<\/p>\n<p>[\/vc_column_text][\/vc_column][vc_column width=&#8221;1\/5&#8243;][vc_text_separator title=&#8221;Communication &amp; Marketing&#8221; title_align=&#8221;separator_align_left&#8221;][vc_column_text]<strong>Ma\u00e9va Ngome<\/strong><br \/>\nWebmarketing Manager<\/p>\n<p><strong>Olivia Rault-Harris<\/strong><br \/>\nCommunity Manager<\/p>\n<p><strong>Alix Tison<\/strong><br \/>\nGraphic Designer<\/p>\n<p><strong>Marie-France Jean-Louis<\/strong><br \/>\nWebmarketing &amp; E-mailing Campaign Manager[\/vc_column_text][\/vc_column][vc_column width=&#8221;1\/5&#8243;][vc_text_separator title=&#8221;Technical Team&#8221; title_align=&#8221;separator_align_left&#8221;][vc_column_text]<strong>Christ\u00e8le Hanoteaux<\/strong><br \/>\nTechnical Director<\/p>\n<p><strong>Vincent Le Francois<\/strong><br \/>\nTechnical Manager[\/vc_column_text][\/vc_column][\/vc_row][\/vc_section]<\/p>\n<\/div>","protected":false},"excerpt":{"rendered":"<p>[vc_row][vc_column][\/vc_column][\/vc_row][vc_section][vc_row content_placement=&#8221;middle&#8221;][vc_column width=&#8221;5\/12&#8243;][vc_column_text css=&#8221;&#8221;] DATES Wednesday 18th of November 2026 from 08:45am to 06:45pm Thursday 19th of November 2026 from 08:45am to 06:45pm [\/vc_column_text][vc_column_text] PLACE Marbella Congress, Trade Fairs and Exhibition Centre C. Jos\u00e9 Meli\u00e1, 2, 29602 Marbella, M\u00e1laga, Espagne [\/vc_column_text][\/vc_column][vc_column width=&#8221;7\/12&#8243;][vc_single_image image=&#8221;6833&#8243; alignment=&#8221;center&#8221; css=&#8221;.vc_custom_1759485224153{padding-right: 0px !important;padding-left: 0px !important;}&#8221;][\/vc_column][\/vc_row][\/vc_section][vc_section el_id=&#8221;demande-informations&#8221;][vc_row][vc_column][\/vc_column][\/vc_row][vc_row][vc_column width=&#8221;1\/3&#8243;][\/vc_column][vc_column width=&#8221;1\/3&#8243;][\/vc_column][vc_column width=&#8221;1\/3&#8243;][\/vc_column][\/vc_row][\/vc_section][vc_section disable_element=&#8221;yes&#8221; el_id=&#8221;contacts-salon&#8221;][vc_row][vc_column][\/vc_column][\/vc_row][vc_row [&hellip;]<\/p>\n","protected":false},"author":8,"featured_media":0,"parent":0,"menu_order":7,"comment_status":"closed","ping_status":"closed","template":"","meta":{"footnotes":""},"class_list":["post-589","page","type-page","status-publish","hentry"],"yoast_head":"<!-- This site is optimized with the Yoast SEO plugin v26.9 - https:\/\/yoast.com\/product\/yoast-seo-wordpress\/ -->\n<title>Practical information - IT and Cybersecurity One to one Meetings Espa\u00f1a<\/title>\n<meta name=\"robots\" content=\"index, follow, max-snippet:-1, max-image-preview:large, max-video-preview:-1\" \/>\n<link rel=\"canonical\" href=\"https:\/\/www.it-and-cybersecurity-one-to-one-meetings.es\/en\/practical-information\/\" \/>\n<meta property=\"og:locale\" content=\"en_US\" \/>\n<meta property=\"og:type\" content=\"article\" \/>\n<meta property=\"og:title\" content=\"Practical information - IT and Cybersecurity One to one Meetings Espa\u00f1a\" \/>\n<meta property=\"og:description\" content=\"[vc_row][vc_column][\/vc_column][\/vc_row][vc_section][vc_row content_placement=&#8221;middle&#8221;][vc_column width=&#8221;5\/12&#8243;][vc_column_text css=&#8221;&#8221;] DATES Wednesday 18th of November 2026 from 08:45am to 06:45pm Thursday 19th of November 2026 from 08:45am to 06:45pm [\/vc_column_text][vc_column_text] PLACE Marbella Congress, Trade Fairs and Exhibition Centre C. Jos\u00e9 Meli\u00e1, 2, 29602 Marbella, M\u00e1laga, Espagne [\/vc_column_text][\/vc_column][vc_column width=&#8221;7\/12&#8243;][vc_single_image image=&#8221;6833&#8243; alignment=&#8221;center&#8221; css=&#8221;.vc_custom_1759485224153{padding-right: 0px !important;padding-left: 0px !important;}&#8221;][\/vc_column][\/vc_row][\/vc_section][vc_section el_id=&#8221;demande-informations&#8221;][vc_row][vc_column][\/vc_column][\/vc_row][vc_row][vc_column width=&#8221;1\/3&#8243;][\/vc_column][vc_column width=&#8221;1\/3&#8243;][\/vc_column][vc_column width=&#8221;1\/3&#8243;][\/vc_column][\/vc_row][\/vc_section][vc_section disable_element=&#8221;yes&#8221; el_id=&#8221;contacts-salon&#8221;][vc_row][vc_column][\/vc_column][\/vc_row][vc_row [&hellip;]\" \/>\n<meta property=\"og:url\" content=\"https:\/\/www.it-and-cybersecurity-one-to-one-meetings.es\/en\/practical-information\/\" \/>\n<meta property=\"og:site_name\" content=\"IT and Cybersecurity One to one Meetings Espa\u00f1a\" \/>\n<meta property=\"article:modified_time\" content=\"2025-11-24T14:26:19+00:00\" \/>\n<meta name=\"twitter:card\" content=\"summary_large_image\" \/>\n<meta name=\"twitter:label1\" content=\"Est. reading time\" \/>\n\t<meta name=\"twitter:data1\" content=\"2 minutes\" \/>\n<script type=\"application\/ld+json\" class=\"yoast-schema-graph\">{\"@context\":\"https:\/\/schema.org\",\"@graph\":[{\"@type\":\"WebPage\",\"@id\":\"https:\/\/www.it-and-cybersecurity-one-to-one-meetings.es\/en\/practical-information\/\",\"url\":\"https:\/\/www.it-and-cybersecurity-one-to-one-meetings.es\/en\/practical-information\/\",\"name\":\"Practical information - IT and Cybersecurity One to one Meetings Espa\u00f1a\",\"isPartOf\":{\"@id\":\"https:\/\/www.it-and-cybersecurity-one-to-one-meetings.es\/#website\"},\"datePublished\":\"2020-01-28T16:42:05+00:00\",\"dateModified\":\"2025-11-24T14:26:19+00:00\",\"breadcrumb\":{\"@id\":\"https:\/\/www.it-and-cybersecurity-one-to-one-meetings.es\/en\/practical-information\/#breadcrumb\"},\"inLanguage\":\"en-US\",\"potentialAction\":[{\"@type\":\"ReadAction\",\"target\":[\"https:\/\/www.it-and-cybersecurity-one-to-one-meetings.es\/en\/practical-information\/\"]}]},{\"@type\":\"BreadcrumbList\",\"@id\":\"https:\/\/www.it-and-cybersecurity-one-to-one-meetings.es\/en\/practical-information\/#breadcrumb\",\"itemListElement\":[{\"@type\":\"ListItem\",\"position\":1,\"name\":\"Accueil\",\"item\":\"https:\/\/salons-es.weyou-cms.com\/itcm\/en\/\"},{\"@type\":\"ListItem\",\"position\":2,\"name\":\"Practical information\"}]},{\"@type\":\"WebSite\",\"@id\":\"https:\/\/www.it-and-cybersecurity-one-to-one-meetings.es\/#website\",\"url\":\"https:\/\/www.it-and-cybersecurity-one-to-one-meetings.es\/\",\"name\":\"IT & Cybersecurity Meetings\",\"description\":\"\",\"publisher\":{\"@id\":\"https:\/\/www.it-and-cybersecurity-one-to-one-meetings.es\/#organization\"},\"potentialAction\":[{\"@type\":\"SearchAction\",\"target\":{\"@type\":\"EntryPoint\",\"urlTemplate\":\"https:\/\/www.it-and-cybersecurity-one-to-one-meetings.es\/?s={search_term_string}\"},\"query-input\":{\"@type\":\"PropertyValueSpecification\",\"valueRequired\":true,\"valueName\":\"search_term_string\"}}],\"inLanguage\":\"en-US\"},{\"@type\":\"Organization\",\"@id\":\"https:\/\/www.it-and-cybersecurity-one-to-one-meetings.es\/#organization\",\"name\":\"IT & Cybersecurity Meetings\",\"url\":\"https:\/\/www.it-and-cybersecurity-one-to-one-meetings.es\/\",\"logo\":{\"@type\":\"ImageObject\",\"inLanguage\":\"en-US\",\"@id\":\"https:\/\/www.it-and-cybersecurity-one-to-one-meetings.es\/#\/schema\/logo\/image\/\",\"url\":\"https:\/\/weyoumedia.blob.core.windows.net\/itcm-es\/sites\/5\/2025\/10\/ITCM-LOGO-ESPANA-2025.png\",\"contentUrl\":\"https:\/\/weyoumedia.blob.core.windows.net\/itcm-es\/sites\/5\/2025\/10\/ITCM-LOGO-ESPANA-2025.png\",\"width\":198,\"height\":175,\"caption\":\"IT & Cybersecurity Meetings\"},\"image\":{\"@id\":\"https:\/\/www.it-and-cybersecurity-one-to-one-meetings.es\/#\/schema\/logo\/image\/\"},\"sameAs\":[\"https:\/\/www.linkedin.com\/company\/it-and-cybersecurity-meetings\/\",\"https:\/\/www.youtube.com\/channel\/UC26vS5fiqy2nHBAwlkp2aOw\"]}]}<\/script>\n<!-- \/ Yoast SEO plugin. -->","yoast_head_json":{"title":"Practical information - IT and Cybersecurity One to one Meetings Espa\u00f1a","robots":{"index":"index","follow":"follow","max-snippet":"max-snippet:-1","max-image-preview":"max-image-preview:large","max-video-preview":"max-video-preview:-1"},"canonical":"https:\/\/www.it-and-cybersecurity-one-to-one-meetings.es\/en\/practical-information\/","og_locale":"en_US","og_type":"article","og_title":"Practical information - IT and Cybersecurity One to one Meetings Espa\u00f1a","og_description":"[vc_row][vc_column][\/vc_column][\/vc_row][vc_section][vc_row content_placement=&#8221;middle&#8221;][vc_column width=&#8221;5\/12&#8243;][vc_column_text css=&#8221;&#8221;] DATES Wednesday 18th of November 2026 from 08:45am to 06:45pm Thursday 19th of November 2026 from 08:45am to 06:45pm [\/vc_column_text][vc_column_text] PLACE Marbella Congress, Trade Fairs and Exhibition Centre C. Jos\u00e9 Meli\u00e1, 2, 29602 Marbella, M\u00e1laga, Espagne [\/vc_column_text][\/vc_column][vc_column width=&#8221;7\/12&#8243;][vc_single_image image=&#8221;6833&#8243; alignment=&#8221;center&#8221; css=&#8221;.vc_custom_1759485224153{padding-right: 0px !important;padding-left: 0px !important;}&#8221;][\/vc_column][\/vc_row][\/vc_section][vc_section el_id=&#8221;demande-informations&#8221;][vc_row][vc_column][\/vc_column][\/vc_row][vc_row][vc_column width=&#8221;1\/3&#8243;][\/vc_column][vc_column width=&#8221;1\/3&#8243;][\/vc_column][vc_column width=&#8221;1\/3&#8243;][\/vc_column][\/vc_row][\/vc_section][vc_section disable_element=&#8221;yes&#8221; el_id=&#8221;contacts-salon&#8221;][vc_row][vc_column][\/vc_column][\/vc_row][vc_row [&hellip;]","og_url":"https:\/\/www.it-and-cybersecurity-one-to-one-meetings.es\/en\/practical-information\/","og_site_name":"IT and Cybersecurity One to one Meetings Espa\u00f1a","article_modified_time":"2025-11-24T14:26:19+00:00","twitter_card":"summary_large_image","twitter_misc":{"Est. reading time":"2 minutes"},"schema":{"@context":"https:\/\/schema.org","@graph":[{"@type":"WebPage","@id":"https:\/\/www.it-and-cybersecurity-one-to-one-meetings.es\/en\/practical-information\/","url":"https:\/\/www.it-and-cybersecurity-one-to-one-meetings.es\/en\/practical-information\/","name":"Practical information - IT and Cybersecurity One to one Meetings Espa\u00f1a","isPartOf":{"@id":"https:\/\/www.it-and-cybersecurity-one-to-one-meetings.es\/#website"},"datePublished":"2020-01-28T16:42:05+00:00","dateModified":"2025-11-24T14:26:19+00:00","breadcrumb":{"@id":"https:\/\/www.it-and-cybersecurity-one-to-one-meetings.es\/en\/practical-information\/#breadcrumb"},"inLanguage":"en-US","potentialAction":[{"@type":"ReadAction","target":["https:\/\/www.it-and-cybersecurity-one-to-one-meetings.es\/en\/practical-information\/"]}]},{"@type":"BreadcrumbList","@id":"https:\/\/www.it-and-cybersecurity-one-to-one-meetings.es\/en\/practical-information\/#breadcrumb","itemListElement":[{"@type":"ListItem","position":1,"name":"Accueil","item":"https:\/\/salons-es.weyou-cms.com\/itcm\/en\/"},{"@type":"ListItem","position":2,"name":"Practical information"}]},{"@type":"WebSite","@id":"https:\/\/www.it-and-cybersecurity-one-to-one-meetings.es\/#website","url":"https:\/\/www.it-and-cybersecurity-one-to-one-meetings.es\/","name":"IT & Cybersecurity Meetings","description":"","publisher":{"@id":"https:\/\/www.it-and-cybersecurity-one-to-one-meetings.es\/#organization"},"potentialAction":[{"@type":"SearchAction","target":{"@type":"EntryPoint","urlTemplate":"https:\/\/www.it-and-cybersecurity-one-to-one-meetings.es\/?s={search_term_string}"},"query-input":{"@type":"PropertyValueSpecification","valueRequired":true,"valueName":"search_term_string"}}],"inLanguage":"en-US"},{"@type":"Organization","@id":"https:\/\/www.it-and-cybersecurity-one-to-one-meetings.es\/#organization","name":"IT & Cybersecurity Meetings","url":"https:\/\/www.it-and-cybersecurity-one-to-one-meetings.es\/","logo":{"@type":"ImageObject","inLanguage":"en-US","@id":"https:\/\/www.it-and-cybersecurity-one-to-one-meetings.es\/#\/schema\/logo\/image\/","url":"https:\/\/weyoumedia.blob.core.windows.net\/itcm-es\/sites\/5\/2025\/10\/ITCM-LOGO-ESPANA-2025.png","contentUrl":"https:\/\/weyoumedia.blob.core.windows.net\/itcm-es\/sites\/5\/2025\/10\/ITCM-LOGO-ESPANA-2025.png","width":198,"height":175,"caption":"IT & Cybersecurity Meetings"},"image":{"@id":"https:\/\/www.it-and-cybersecurity-one-to-one-meetings.es\/#\/schema\/logo\/image\/"},"sameAs":["https:\/\/www.linkedin.com\/company\/it-and-cybersecurity-meetings\/","https:\/\/www.youtube.com\/channel\/UC26vS5fiqy2nHBAwlkp2aOw"]}]}},"_links":{"self":[{"href":"https:\/\/www.it-and-cybersecurity-one-to-one-meetings.es\/en\/wp-json\/wp\/v2\/pages\/589","targetHints":{"allow":["GET"]}}],"collection":[{"href":"https:\/\/www.it-and-cybersecurity-one-to-one-meetings.es\/en\/wp-json\/wp\/v2\/pages"}],"about":[{"href":"https:\/\/www.it-and-cybersecurity-one-to-one-meetings.es\/en\/wp-json\/wp\/v2\/types\/page"}],"author":[{"embeddable":true,"href":"https:\/\/www.it-and-cybersecurity-one-to-one-meetings.es\/en\/wp-json\/wp\/v2\/users\/8"}],"replies":[{"embeddable":true,"href":"https:\/\/www.it-and-cybersecurity-one-to-one-meetings.es\/en\/wp-json\/wp\/v2\/comments?post=589"}],"version-history":[{"count":3,"href":"https:\/\/www.it-and-cybersecurity-one-to-one-meetings.es\/en\/wp-json\/wp\/v2\/pages\/589\/revisions"}],"predecessor-version":[{"id":7003,"href":"https:\/\/www.it-and-cybersecurity-one-to-one-meetings.es\/en\/wp-json\/wp\/v2\/pages\/589\/revisions\/7003"}],"wp:attachment":[{"href":"https:\/\/www.it-and-cybersecurity-one-to-one-meetings.es\/en\/wp-json\/wp\/v2\/media?parent=589"}],"curies":[{"name":"wp","href":"https:\/\/api.w.org\/{rel}","templated":true}]}}